{"id":16,"date":"2018-11-13T20:54:06","date_gmt":"2018-11-13T20:54:06","guid":{"rendered":"https:\/\/theatergruppe-horneburg.de\/?page_id=16"},"modified":"2024-02-18T15:57:06","modified_gmt":"2024-02-18T15:57:06","slug":"kontakt","status":"publish","type":"page","link":"http:\/\/ueben.theatergruppe-horneburg.de\/hd\/kontakt\/","title":{"rendered":"Kontakt"},"content":{"rendered":"<h3>Bitte beachten Sie:<\/h3>\n<p>Infos f\u00fcr Kartenbestellungen entnehmen Sie <a href=\"http:\/\/ueben.theatergruppe-horneburg.de\/hd\/korten\/\">hier unserer Webseite<\/a>.<br \/>\nEine Bestellung \u00fcber dieses Formular oder per Mail sind leider nicht m\u00f6glich!<\/p>\n<hr \/>\n\n<div class=\"wpcf7 no-js\" id=\"wpcf7-f43-o1\" lang=\"de-DE\" dir=\"ltr\">\n<div class=\"screen-reader-response\"><p role=\"status\" aria-live=\"polite\" aria-atomic=\"true\"><\/p> <ul><\/ul><\/div>\n<form action=\"\/hd\/wp-json\/wp\/v2\/pages\/16#wpcf7-f43-o1\" method=\"post\" class=\"wpcf7-form init\" aria-label=\"Kontaktformular\" novalidate=\"novalidate\" data-status=\"init\">\n<div style=\"display: none;\">\n<input type=\"hidden\" name=\"_wpcf7\" value=\"43\" \/>\n<input type=\"hidden\" name=\"_wpcf7_version\" value=\"5.9.8\" \/>\n<input type=\"hidden\" name=\"_wpcf7_locale\" value=\"de_DE\" \/>\n<input type=\"hidden\" name=\"_wpcf7_unit_tag\" value=\"wpcf7-f43-o1\" \/>\n<input type=\"hidden\" name=\"_wpcf7_container_post\" value=\"0\" \/>\n<input type=\"hidden\" name=\"_wpcf7_posted_data_hash\" value=\"\" \/>\n<\/div>\n<p style=\"text-align:center; font-weight:bold; font-size:large;\">Sie haben eine Mitteilung \/ Frage an uns?\n<\/p>\n<p>Bitte w\u00e4hlen Sie wen sie kontaktieren m\u00f6chten <span class=\"wpcf7-form-control-wrap\" data-name=\"Kontaktmit\"><select class=\"wpcf7-form-control wpcf7-select\" aria-invalid=\"false\" name=\"Kontaktmit\"><option value=\"Allgemein\">Allgemein<\/option><option value=\"1. Vorsitzende\">1. Vorsitzende<\/option><option value=\"Webmaster\">Webmaster<\/option><\/select><\/span><br \/>\n<hr \/>\n<\/p>\n<p>Ihr Name (Pflichtfeld)\n<\/p>\n<p><span class=\"wpcf7-form-control-wrap\" data-name=\"your-name\"><input size=\"40\" maxlength=\"400\" class=\"wpcf7-form-control wpcf7-text wpcf7-validates-as-required\" aria-required=\"true\" aria-invalid=\"false\" value=\"\" type=\"text\" name=\"your-name\" \/><\/span>\n<\/p>\n<p>Ihre E-Mail-Adresse (Pflichtfeld)\n<\/p>\n<p><span class=\"wpcf7-form-control-wrap\" data-name=\"your-email\"><input size=\"40\" maxlength=\"400\" class=\"wpcf7-form-control wpcf7-email wpcf7-validates-as-required wpcf7-text wpcf7-validates-as-email\" aria-required=\"true\" aria-invalid=\"false\" value=\"\" type=\"email\" name=\"your-email\" \/><\/span>\n<\/p>\n<p>Betreff (Pflichtfeld)\n<\/p>\n<p><span class=\"wpcf7-form-control-wrap\" data-name=\"your-subject\"><input size=\"40\" maxlength=\"400\" class=\"wpcf7-form-control wpcf7-text wpcf7-validates-as-required\" aria-required=\"true\" aria-invalid=\"false\" value=\"\" type=\"text\" name=\"your-subject\" \/><\/span>\n<\/p>\n<p>Ihre Nachricht\n<\/p>\n<p><span class=\"wpcf7-form-control-wrap\" data-name=\"your-message\"><textarea cols=\"40\" rows=\"10\" maxlength=\"2000\" class=\"wpcf7-form-control wpcf7-textarea\" aria-invalid=\"false\" name=\"your-message\"><\/textarea><\/span>\n<\/p>\n<p><input class=\"wpcf7-form-control wpcf7-submit has-spinner\" type=\"submit\" value=\"Senden\" \/>\n<\/p><div class=\"frc-captcha \" data-sitekey=\"FCMUDL2DIAFEHO4N\" data-lang=\"de\" ><\/div>\n\t\t<noscript>You need to enable Javascript for the anti-spam check.<\/noscript><div class=\"wpcf7-response-output\" aria-hidden=\"true\"><\/div>\n<\/form>\n<\/div>\n\n","protected":false},"excerpt":{"rendered":"<p>Bitte beachten Sie: Infos f\u00fcr Kartenbestellungen entnehmen Sie hier unserer Webseite. Eine Bestellung \u00fcber dieses Formular oder per Mail sind leider nicht m\u00f6glich!<\/p>\n","protected":false},"author":6,"featured_media":0,"parent":0,"menu_order":0,"comment_status":"closed","ping_status":"closed","template":"","meta":{"_lmt_disableupdate":"no","_lmt_disable":"","footnotes":""},"class_list":["post-16","page","type-page","status-publish","hentry"],"blocksy_meta":[],"translation":{"provider":"WPGlobus","version":"3.0.0","language":"hd","enabled_languages":["pd","hd"],"languages":{"pd":{"title":true,"content":true,"excerpt":false},"hd":{"title":false,"content":false,"excerpt":false}}},"_links":{"self":[{"href":"http:\/\/ueben.theatergruppe-horneburg.de\/hd\/wp-json\/wp\/v2\/pages\/16"}],"collection":[{"href":"http:\/\/ueben.theatergruppe-horneburg.de\/hd\/wp-json\/wp\/v2\/pages"}],"about":[{"href":"http:\/\/ueben.theatergruppe-horneburg.de\/hd\/wp-json\/wp\/v2\/types\/page"}],"author":[{"embeddable":true,"href":"http:\/\/ueben.theatergruppe-horneburg.de\/hd\/wp-json\/wp\/v2\/users\/6"}],"replies":[{"embeddable":true,"href":"http:\/\/ueben.theatergruppe-horneburg.de\/hd\/wp-json\/wp\/v2\/comments?post=16"}],"version-history":[{"count":3,"href":"http:\/\/ueben.theatergruppe-horneburg.de\/hd\/wp-json\/wp\/v2\/pages\/16\/revisions"}],"predecessor-version":[{"id":949,"href":"http:\/\/ueben.theatergruppe-horneburg.de\/hd\/wp-json\/wp\/v2\/pages\/16\/revisions\/949"}],"wp:attachment":[{"href":"http:\/\/ueben.theatergruppe-horneburg.de\/hd\/wp-json\/wp\/v2\/media?parent=16"}],"curies":[{"name":"wp","href":"https:\/\/api.w.org\/{rel}","templated":true}]}}