{"id":90,"date":"2018-11-15T19:21:45","date_gmt":"2018-11-15T19:21:45","guid":{"rendered":"https:\/\/theatergruppe-horneburg.de\/?page_id=90"},"modified":"2024-04-11T10:12:36","modified_gmt":"2024-04-11T10:12:36","slug":"hebbt-we-all-speeld","status":"publish","type":"page","link":"http:\/\/ueben.theatergruppe-horneburg.de\/hd\/hebbt-we-all-speeld\/","title":{"rendered":"unsere bisher gespielten St\u00fccke"},"content":{"rendered":"<table class=\"stuecke\">\n<tbody>\n<tr class=\"header\">\n<td class=\"zeit\">Spielzeit<\/td>\n<td>Titel<\/td>\n<td>Autor<\/td>\n<td class=\"prog\">Programm<\/td>\n<\/tr>\n<tr class=\"marked\">\n<td class=\"zeit\"><a href=\"http:\/\/ueben.theatergruppe-horneburg.de\/billers\/wppaspec\/oc1\/lnde\/cv0\/aba8f34f6daac5e7ed\"><br \/>\n<img decoding=\"async\" src=\"http:\/\/ueben.theatergruppe-horneburg.de\/wp-content\/uploads\/wppa\/thumbs\/508.jpg?ver=4\" \/><br \/>\n2024<\/a><\/td>\n<td>De veer hilligen dree K\u00f6niginnen<\/td>\n<td>Stefanie Stroebele<\/td>\n<td class=\"prog\"><a href=\"http:\/\/ueben.theatergruppe-horneburg.de\/wp-content\/uploads\/Programm_2024.pdf\" target=\"_blank\" rel=\"noopener noreferrer\"><br \/>\n<img loading=\"lazy\" decoding=\"async\" class=\"alignnone size-full wp-image-223\" src=\"http:\/\/ueben.theatergruppe-horneburg.de\/wp-content\/uploads\/2018\/11\/Adobe_PDF_Icon.png\" alt=\"Programm Pannkoken 2022\" width=\"32\" height=\"34\" border=\"0\" \/> <\/a><\/td>\n<\/tr>\n<tr>\n<td class=\"zeit\"><a href=\"http:\/\/ueben.theatergruppe-horneburg.de\/billers\/wppaspec\/oc1\/lnde\/cv0\/ab39\"><br \/>\n<img decoding=\"async\" src=\"http:\/\/ueben.theatergruppe-horneburg.de\/wp-content\/uploads\/wppa\/thumbs\/490.jpg\" \/><br \/>\n2023<\/a><\/td>\n<td>Dat Leven is en Lotterie<\/td>\n<td>Stefanie Stroebele<\/td>\n<td class=\"prog\"><a href=\"http:\/\/ueben.theatergruppe-horneburg.de\/wp-content\/uploads\/Programm-_2023.pdf\" target=\"_blank\" rel=\"noopener noreferrer\"><br \/>\n<img loading=\"lazy\" decoding=\"async\" class=\"alignnone size-full wp-image-223\" src=\"http:\/\/ueben.theatergruppe-horneburg.de\/wp-content\/uploads\/2018\/11\/Adobe_PDF_Icon.png\" alt=\"Programm Pannkoken 2023\" width=\"32\" height=\"34\" border=\"0\" \/> <\/a><\/td>\n<\/tr>\n<tr class=\"marked\">\n<td class=\"zeit\"><a href=\"http:\/\/ueben.theatergruppe-horneburg.de\/billers\/wppaspec\/oc1\/lnen\/cv0\/ab37\"><br \/>\n<img decoding=\"async\" src=\"http:\/\/ueben.theatergruppe-horneburg.de\/wp-content\/uploads\/wppa\/thumbs\/405.jpg\" \/><br \/>\n2022<\/a><\/td>\n<td>Willige Huusfru hett v\u00f6rmiddags noch Tied<\/td>\n<td>Sabine Sch\u00fcffelchen<\/td>\n<td class=\"prog\"><a href=\"http:\/\/ueben.theatergruppe-horneburg.de\/wp-content\/uploads\/Programm_2022.pdf\" target=\"_blank\" rel=\"noopener noreferrer\"><br \/>\n<img loading=\"lazy\" decoding=\"async\" class=\"alignnone size-full wp-image-223\" src=\"http:\/\/ueben.theatergruppe-horneburg.de\/wp-content\/uploads\/2018\/11\/Adobe_PDF_Icon.png\" alt=\"Programm Pannkoken 2022\" width=\"32\" height=\"34\" border=\"0\" \/> <\/a><\/td>\n<\/tr>\n<tr>\n<td class=\"zeit\"><a href=\"http:\/\/ueben.theatergruppe-horneburg.de\/billers\/wppaspec\/oc1\/lnde\/cv0\/ab36\"><br \/>\n<img decoding=\"async\" src=\"http:\/\/ueben.theatergruppe-horneburg.de\/wp-content\/uploads\/wppa\/thumbs\/437.jpg\" \/><br \/>\n2020<\/a><\/td>\n<td>De 75. Geburtsdag<\/td>\n<td>Walter G. Pfaus<\/td>\n<td class=\"prog\"><a href=\"http:\/\/ueben.theatergruppe-horneburg.de\/wp-content\/uploads\/Programmheft_2020.pdf\" target=\"_blank\" rel=\"noopener noreferrer\"><br \/>\n<img loading=\"lazy\" decoding=\"async\" class=\"alignnone size-full wp-image-223\" src=\"http:\/\/ueben.theatergruppe-horneburg.de\/wp-content\/uploads\/2018\/11\/Adobe_PDF_Icon.png\" alt=\"Programm Pannkoken 2020\" width=\"32\" height=\"34\" border=\"0\" \/> <\/a><\/td>\n<\/tr>\n<tr class=\"marked\">\n<td class=\"zeit\"><a href=\"http:\/\/ueben.theatergruppe-horneburg.de\/billers\/wppaspec\/oc1\/lnde\/cv0\/ab35\"><br \/>\n<img decoding=\"async\" src=\"http:\/\/ueben.theatergruppe-horneburg.de\/wp-content\/uploads\/wppa\/thumbs\/405.jpg\" \/><br \/>\n2019<\/a><\/td>\n<td>Keen Mord ut Versehen<\/td>\n<td>Jennifer H\u00fclsen<\/td>\n<td class=\"prog\"><a href=\"http:\/\/ueben.theatergruppe-horneburg.de\/wp-content\/uploads\/Programmheft-2019.pdf\" target=\"_blank\" rel=\"noopener noreferrer\"><br \/>\n<img loading=\"lazy\" decoding=\"async\" class=\"alignnone size-full wp-image-223\" src=\"http:\/\/ueben.theatergruppe-horneburg.de\/wp-content\/uploads\/2018\/11\/Adobe_PDF_Icon.png\" alt=\"Programm Pannkoken 2019\" width=\"32\" height=\"34\" border=\"0\" \/> <\/a><\/td>\n<\/tr>\n<tr>\n<td class=\"zeit\"><a href=\"http:\/\/ueben.theatergruppe-horneburg.de\/billers\/wppaspec\/oc1\/lnde\/cv0\/ab32\"><br \/>\n<img decoding=\"async\" src=\"http:\/\/ueben.theatergruppe-horneburg.de\/wp-content\/uploads\/wppa\/thumbs\/370.jpg\" \/><br \/>\n2018<\/a><\/td>\n<td>Sp\u00f6kelkraam in&#8217;t Raathus<\/td>\n<td>Hans Schimmel<\/td>\n<td class=\"prog\"><a href=\"http:\/\/ueben.theatergruppe-horneburg.de\/wp-content\/uploads\/Programme\/Programm_2018.pdf\" target=\"_blank\" rel=\"noopener noreferrer\"><br \/>\n<img loading=\"lazy\" decoding=\"async\" class=\"alignnone size-full wp-image-223\" src=\"http:\/\/ueben.theatergruppe-horneburg.de\/wp-content\/uploads\/2018\/11\/Adobe_PDF_Icon.png\" alt=\"Programm Pannkoken 2018\" width=\"32\" height=\"34\" border=\"0\" \/> <\/a><\/td>\n<\/tr>\n<tr class=\"marked\">\n<td class=\"zeit\"><a href=\"http:\/\/ueben.theatergruppe-horneburg.de\/billers\/wppaspec\/oc1\/lnde\/cv0\/ab31\"><br \/>\n<img decoding=\"async\" src=\"http:\/\/ueben.theatergruppe-horneburg.de\/wp-content\/uploads\/wppa\/thumbs\/350.jpg\" \/><br \/>\n2017<\/a><\/td>\n<td>Laat de Sau rut<\/td>\n<td>Andreas Wening<\/td>\n<td class=\"prog\"><a href=\"http:\/\/ueben.theatergruppe-horneburg.de\/wp-content\/uploads\/Programme\/Programm_2017.pdf\" target=\"_blank\" rel=\"noopener noreferrer\"> <img loading=\"lazy\" decoding=\"async\" class=\"alignnone size-full wp-image-223\" src=\"http:\/\/ueben.theatergruppe-horneburg.de\/wp-content\/uploads\/2018\/11\/Adobe_PDF_Icon.png\" alt=\"Programm Pannkoken 2017\" width=\"32\" height=\"34\" border=\"0\" \/> <\/a><\/td>\n<\/tr>\n<tr>\n<td class=\"zeit\"><a href=\"http:\/\/ueben.theatergruppe-horneburg.de\/billers\/wppaspec\/oc1\/lnde\/cv0\/ab30\"><br \/>\n<img decoding=\"async\" src=\"http:\/\/ueben.theatergruppe-horneburg.de\/wp-content\/uploads\/wppa\/thumbs\/339.jpg\" \/><br \/>\n2016<\/a><\/td>\n<td>Opa lett dat krachen<\/td>\n<td>R\u00fcdiger Kramer<\/td>\n<td class=\"prog\"><a href=\"http:\/\/ueben.theatergruppe-horneburg.de\/wp-content\/uploads\/Programme\/Programm_2016.pdf\" target=\"_blank\" rel=\"noopener noreferrer\"> <img loading=\"lazy\" decoding=\"async\" class=\"alignnone size-full wp-image-223\" src=\"http:\/\/ueben.theatergruppe-horneburg.de\/wp-content\/uploads\/2018\/11\/Adobe_PDF_Icon.png\" alt=\"Programm Pannkoken 2016\" width=\"32\" height=\"34\" border=\"0\" \/> <\/a><\/td>\n<\/tr>\n<tr class=\"marked\">\n<td class=\"zeit\"><a href=\"http:\/\/ueben.theatergruppe-horneburg.de\/billers\/wppaspec\/oc1\/lnde\/cv0\/ab29\"><br \/>\n<img decoding=\"async\" src=\"http:\/\/ueben.theatergruppe-horneburg.de\/wp-content\/uploads\/wppa\/thumbs\/306.jpg\" \/><br \/>\n2015<\/a><\/td>\n<td>Bessen, Beer un Beaujolais<\/td>\n<td>Helmut Schmidt<\/td>\n<td class=\"prog\"><a href=\"http:\/\/ueben.theatergruppe-horneburg.de\/wp-content\/uploads\/Programme\/Programm_2015.pdf\" target=\"_blank\" rel=\"noopener noreferrer\"> <img loading=\"lazy\" decoding=\"async\" class=\"alignnone size-full wp-image-223\" src=\"http:\/\/ueben.theatergruppe-horneburg.de\/wp-content\/uploads\/2018\/11\/Adobe_PDF_Icon.png\" alt=\"Programm Pannkoken 2015\" width=\"32\" height=\"34\" border=\"0\" \/> <\/a><\/td>\n<\/tr>\n<tr>\n<td class=\"zeit\"><a href=\"http:\/\/ueben.theatergruppe-horneburg.de\/billers\/wppaspec\/oc1\/lnde\/cv0\/ab28\"><br \/>\n<img decoding=\"async\" src=\"http:\/\/ueben.theatergruppe-horneburg.de\/wp-content\/uploads\/wppa\/thumbs\/282.jpg\" \/><br \/>\n2014<\/a><\/td>\n<td>Veer Handen f\u00f6r een Jidder<\/td>\n<td>Helmut Schmidt und<br \/>\nChristoph Bredau<\/td>\n<td class=\"prog\"><a href=\"http:\/\/ueben.theatergruppe-horneburg.de\/wp-content\/uploads\/Programme\/Programm_2014.pdf\" target=\"_blank\" rel=\"noopener noreferrer\"> <img loading=\"lazy\" decoding=\"async\" class=\"alignnone size-full wp-image-223\" src=\"http:\/\/ueben.theatergruppe-horneburg.de\/wp-content\/uploads\/2018\/11\/Adobe_PDF_Icon.png\" alt=\"Programm Pannkoken 2014\" width=\"32\" height=\"34\" border=\"0\" \/> <\/a><\/td>\n<\/tr>\n<tr class=\"marked\">\n<td class=\"zeit\"><a href=\"http:\/\/ueben.theatergruppe-horneburg.de\/billers\/wppaspec\/oc1\/lnde\/cv0\/ab27\"><br \/>\n<img decoding=\"async\" src=\"http:\/\/ueben.theatergruppe-horneburg.de\/wp-content\/uploads\/wppa\/thumbs\/261.jpg\" \/><br \/>\n2013<\/a><\/td>\n<td>De D\u00fcvelsblitz<\/td>\n<td>Karl Wittlinger<\/td>\n<td class=\"prog\"><a href=\"http:\/\/ueben.theatergruppe-horneburg.de\/wp-content\/uploads\/Programme\/Programm_2013.pdf\" target=\"_blank\" rel=\"noopener noreferrer\"> <img loading=\"lazy\" decoding=\"async\" class=\"alignnone size-full wp-image-223\" src=\"http:\/\/ueben.theatergruppe-horneburg.de\/wp-content\/uploads\/2018\/11\/Adobe_PDF_Icon.png\" alt=\"Programm Pannkoken 2013\" width=\"32\" height=\"34\" border=\"0\" \/> <\/a><\/td>\n<\/tr>\n<tr>\n<td class=\"zeit\"><a href=\"http:\/\/ueben.theatergruppe-horneburg.de\/billers\/wppaspec\/oc1\/lnde\/cv0\/ab26\"><br \/>\n<img decoding=\"async\" src=\"http:\/\/ueben.theatergruppe-horneburg.de\/wp-content\/uploads\/wppa\/thumbs\/237.jpg\" \/><br \/>\n2012<\/a><\/td>\n<td>So\u2019n Kr\u00f6t von Deern<\/td>\n<td>Hans Balzer<\/td>\n<td class=\"prog\"><a href=\"http:\/\/ueben.theatergruppe-horneburg.de\/wp-content\/uploads\/Programme\/Programm_2012.pdf\" target=\"_blank\" rel=\"noopener noreferrer\"> <img loading=\"lazy\" decoding=\"async\" class=\"alignnone size-full wp-image-223\" src=\"http:\/\/ueben.theatergruppe-horneburg.de\/wp-content\/uploads\/2018\/11\/Adobe_PDF_Icon.png\" alt=\"Programm Pannkoken 2012\" width=\"32\" height=\"34\" border=\"0\" \/> <\/a><\/td>\n<\/tr>\n<tr class=\"marked\">\n<td class=\"zeit\"><a href=\"http:\/\/ueben.theatergruppe-horneburg.de\/billers\/wppaspec\/oc1\/lnde\/cv0\/ab25\"><br \/>\n<img decoding=\"async\" src=\"http:\/\/ueben.theatergruppe-horneburg.de\/wp-content\/uploads\/wppa\/thumbs\/206.jpg\" \/><br \/>\n2011<\/a><\/td>\n<td>Kinners, wi m\u00f6t sporn<\/td>\n<td>Walter G. Pfaus<\/td>\n<td class=\"prog\"><a href=\"http:\/\/ueben.theatergruppe-horneburg.de\/wp-content\/uploads\/Programme\/Programm_2011.pdf\" target=\"_blank\" rel=\"noopener noreferrer\"> <img loading=\"lazy\" decoding=\"async\" class=\"alignnone size-full wp-image-223\" src=\"http:\/\/ueben.theatergruppe-horneburg.de\/wp-content\/uploads\/2018\/11\/Adobe_PDF_Icon.png\" alt=\"Programm Pannkoken 2011\" width=\"32\" height=\"34\" border=\"0\" \/> <\/a><\/td>\n<\/tr>\n<tr>\n<td class=\"zeit\"><a href=\"http:\/\/ueben.theatergruppe-horneburg.de\/billers\/wppaspec\/oc1\/lnde\/cv0\/ab24\"><br \/>\n<img decoding=\"async\" src=\"http:\/\/ueben.theatergruppe-horneburg.de\/wp-content\/uploads\/wppa\/thumbs\/197.jpg\" \/><br \/>\n2010<\/a><\/td>\n<td>Een Fro mutt in\u2019t Huus<\/td>\n<td>Klaus Meinert<\/td>\n<td class=\"prog\"><a href=\"http:\/\/ueben.theatergruppe-horneburg.de\/wp-content\/uploads\/Programme\/Programm_2010.pdf\" target=\"_blank\" rel=\"noopener noreferrer\"> <img loading=\"lazy\" decoding=\"async\" class=\"alignnone size-full wp-image-223\" src=\"http:\/\/ueben.theatergruppe-horneburg.de\/wp-content\/uploads\/2018\/11\/Adobe_PDF_Icon.png\" alt=\"Programm Pannkoken 2010\" width=\"32\" height=\"34\" border=\"0\" \/> <\/a><\/td>\n<\/tr>\n<tr class=\"marked\">\n<td class=\"zeit\"><a href=\"http:\/\/ueben.theatergruppe-horneburg.de\/billers\/wppaspec\/oc1\/lnde\/cv0\/ab23\"><br \/>\n<img decoding=\"async\" src=\"http:\/\/ueben.theatergruppe-horneburg.de\/wp-content\/uploads\/wppa\/thumbs\/183.jpg\" \/><br \/>\n2009<\/a><\/td>\n<td>Mine Tante, Tine Tante<\/td>\n<td>Erhard Asmus<\/td>\n<td class=\"prog\"><a href=\"http:\/\/ueben.theatergruppe-horneburg.de\/wp-content\/uploads\/Programme\/Programm_2009.pdf\" target=\"_blank\" rel=\"noopener noreferrer\"> <img loading=\"lazy\" decoding=\"async\" class=\"alignnone size-full wp-image-223\" src=\"http:\/\/ueben.theatergruppe-horneburg.de\/wp-content\/uploads\/2018\/11\/Adobe_PDF_Icon.png\" alt=\"Programm Pannkoken 2009\" width=\"32\" height=\"34\" border=\"0\" \/> <\/a><\/td>\n<\/tr>\n<tr>\n<td class=\"zeit\"><a href=\"http:\/\/ueben.theatergruppe-horneburg.de\/billers\/wppaspec\/oc1\/lnde\/cv0\/ab22\"><br \/>\n<img decoding=\"async\" src=\"http:\/\/ueben.theatergruppe-horneburg.de\/wp-content\/uploads\/wppa\/thumbs\/173.jpg\" \/><br \/>\n2008<\/a><\/td>\n<td>Dat Inserat<\/td>\n<td>Renate Delfs<\/td>\n<td class=\"prog\"><a href=\"http:\/\/ueben.theatergruppe-horneburg.de\/wp-content\/uploads\/Programme\/Programm_2008.pdf\" target=\"_blank\" rel=\"noopener noreferrer\"><img loading=\"lazy\" decoding=\"async\" class=\"alignnone size-full wp-image-223\" src=\"http:\/\/ueben.theatergruppe-horneburg.de\/wp-content\/uploads\/2018\/11\/Adobe_PDF_Icon.png\" alt=\"Programm Pannkoken 2008\" width=\"32\" height=\"34\" border=\"0\" \/> <\/a><\/td>\n<\/tr>\n<tr class=\"marked\">\n<td class=\"zeit\"><a href=\"http:\/\/ueben.theatergruppe-horneburg.de\/billers\/wppaspec\/oc1\/lnde\/cv0\/ab21\"><br \/>\n<img decoding=\"async\" src=\"http:\/\/ueben.theatergruppe-horneburg.de\/wp-content\/uploads\/wppa\/thumbs\/160.jpg\" \/><br \/>\n2007<\/a><\/td>\n<td>Wieverregiment<\/td>\n<td>Anton Hamik<\/td>\n<td class=\"prog\"><a href=\"http:\/\/ueben.theatergruppe-horneburg.de\/wp-content\/uploads\/Programme\/Programm_2007.pdf\" target=\"_blank\" rel=\"noopener noreferrer\"><img loading=\"lazy\" decoding=\"async\" class=\"alignnone size-full wp-image-223\" src=\"http:\/\/ueben.theatergruppe-horneburg.de\/wp-content\/uploads\/2018\/11\/Adobe_PDF_Icon.png\" alt=\"Programm Pannkoken 2007\" width=\"32\" height=\"34\" border=\"0\" \/> <\/a><\/td>\n<\/tr>\n<tr>\n<td class=\"zeit\"><a href=\"http:\/\/ueben.theatergruppe-horneburg.de\/billers\/wppaspec\/oc1\/lnde\/cv0\/ab20\"><br \/>\n<img decoding=\"async\" src=\"http:\/\/ueben.theatergruppe-horneburg.de\/wp-content\/uploads\/wppa\/thumbs\/148.jpg\" \/><br \/>\n2006<\/a><\/td>\n<td>Snieder N\u00f6rig<\/td>\n<td>Paul Schurek<\/td>\n<td class=\"prog\"><\/td>\n<\/tr>\n<tr class=\"marked\">\n<td class=\"zeit\"><a href=\"http:\/\/ueben.theatergruppe-horneburg.de\/billers\/wppaspec\/oc1\/lnde\/cv0\/ab19\"><br \/>\n<img decoding=\"async\" src=\"http:\/\/ueben.theatergruppe-horneburg.de\/wp-content\/uploads\/wppa\/thumbs\/139.jpg\" \/><br \/>\n2005<\/a><\/td>\n<td>Brand-Stiftung<\/td>\n<td>G\u00fcnther Siegmund<\/td>\n<td class=\"prog\"><\/td>\n<\/tr>\n<tr>\n<td class=\"zeit\"><a href=\"http:\/\/ueben.theatergruppe-horneburg.de\/billers\/wppaspec\/oc1\/lnde\/cv0\/ab18\"><br \/>\n<img decoding=\"async\" src=\"http:\/\/ueben.theatergruppe-horneburg.de\/wp-content\/uploads\/wppa\/thumbs\/135.jpg\" \/><br \/>\n2004<\/a><\/td>\n<td>Allens oder nicks<\/td>\n<td>Jack Popplewell<\/td>\n<td class=\"prog\"><\/td>\n<\/tr>\n<tr class=\"marked\">\n<td class=\"zeit\"><a href=\"http:\/\/ueben.theatergruppe-horneburg.de\/billers\/wppaspec\/oc1\/lnde\/cv0\/ab17\"><br \/>\n<img decoding=\"async\" src=\"http:\/\/ueben.theatergruppe-horneburg.de\/wp-content\/uploads\/wppa\/thumbs\/124.jpg\" \/><br \/>\n2003<\/a><\/td>\n<td>Dackschoden<\/td>\n<td>Norbert Tank<\/td>\n<td class=\"prog\"><\/td>\n<\/tr>\n<tr>\n<td class=\"zeit\"><a href=\"http:\/\/ueben.theatergruppe-horneburg.de\/billers\/wppaspec\/oc1\/lnde\/cv0\/ab16\"><br \/>\n<img decoding=\"async\" src=\"http:\/\/ueben.theatergruppe-horneburg.de\/wp-content\/uploads\/wppa\/thumbs\/112.jpg\" \/><br \/>\n2002<\/a><\/td>\n<td>Keen Tied f\u00f6r Opa<\/td>\n<td>Ubbo Gerdes<\/td>\n<td class=\"prog\"><\/td>\n<\/tr>\n<tr class=\"marked\">\n<td class=\"zeit\"><a href=\"http:\/\/ueben.theatergruppe-horneburg.de\/billers\/wppaspec\/oc1\/lnde\/cv0\/ab15\"><br \/>\n<img decoding=\"async\" src=\"http:\/\/ueben.theatergruppe-horneburg.de\/wp-content\/uploads\/wppa\/thumbs\/104.jpg\" \/><br \/>\n2001<\/a><\/td>\n<td>Dat Doktorbook<\/td>\n<td>Jens Exler<\/td>\n<td class=\"prog\"><\/td>\n<\/tr>\n<tr>\n<td class=\"zeit\"><a href=\"http:\/\/ueben.theatergruppe-horneburg.de\/billers\/wppaspec\/oc1\/lnde\/cv0\/ab14\"><br \/>\n<img decoding=\"async\" src=\"http:\/\/ueben.theatergruppe-horneburg.de\/wp-content\/uploads\/wppa\/thumbs\/91.jpg\" \/><br \/>\n2000<\/a><\/td>\n<td>Verdreihte Verwandschaft<\/td>\n<td>Erhard Asmus<\/td>\n<td class=\"prog\"><\/td>\n<\/tr>\n<tr class=\"marked\">\n<td class=\"zeit\"><a href=\"http:\/\/ueben.theatergruppe-horneburg.de\/billers\/wppaspec\/oc1\/lnde\/cv0\/ab13\"><br \/>\n<img decoding=\"async\" src=\"http:\/\/ueben.theatergruppe-horneburg.de\/wp-content\/uploads\/wppa\/thumbs\/83.jpg\" \/><br \/>\n1999<\/a><\/td>\n<td>De Million\u00e4r<\/td>\n<td>G\u00fcnther M\u00fcller<\/td>\n<td class=\"prog\"><\/td>\n<\/tr>\n<tr>\n<td class=\"zeit\"><a href=\"http:\/\/ueben.theatergruppe-horneburg.de\/billers\/wppaspec\/oc1\/lnde\/cv0\/ab12\"><br \/>\n<img decoding=\"async\" src=\"http:\/\/ueben.theatergruppe-horneburg.de\/wp-content\/uploads\/wppa\/thumbs\/75.jpg\" \/><br \/>\n1998<\/a><\/td>\n<td>Peper un Solt<\/td>\n<td>Karl Bunje<\/td>\n<td class=\"prog\"><\/td>\n<\/tr>\n<tr class=\"marked\">\n<td class=\"zeit\"><a href=\"http:\/\/ueben.theatergruppe-horneburg.de\/billers\/wppaspec\/oc1\/lnde\/cv0\/ab11\"><br \/>\n<img decoding=\"async\" src=\"http:\/\/ueben.theatergruppe-horneburg.de\/wp-content\/uploads\/wppa\/thumbs\/69.jpg\" \/><br \/>\n1997<\/a><\/td>\n<td>Heiratsswindel<\/td>\n<td>Edgar Bessen und<br \/>\nG\u00fcnter Handke<\/td>\n<td class=\"prog\"><\/td>\n<\/tr>\n<tr>\n<td class=\"zeit\"><a href=\"http:\/\/ueben.theatergruppe-horneburg.de\/billers\/wppaspec\/oc1\/lnde\/cv0\/ab10\"><br \/>\n<img decoding=\"async\" src=\"http:\/\/ueben.theatergruppe-horneburg.de\/wp-content\/uploads\/wppa\/thumbs\/60.jpg\" \/><br \/>\n1996<\/a><\/td>\n<td>Mien Mann de fohrt to See<\/td>\n<td>Wilfried Wroost<\/td>\n<td class=\"prog\"><\/td>\n<\/tr>\n<tr class=\"marked\">\n<td class=\"zeit\">1995<\/td>\n<td>Alln`s in Griff<\/td>\n<td>Konrad Hansen<\/td>\n<td class=\"prog\"><\/td>\n<\/tr>\n<tr>\n<td class=\"zeit\"><a href=\"http:\/\/ueben.theatergruppe-horneburg.de\/billers\/wppaspec\/oc1\/lnde\/cv0\/ab9\"><br \/>\n<img decoding=\"async\" src=\"http:\/\/ueben.theatergruppe-horneburg.de\/wp-content\/uploads\/wppa\/thumbs\/57.jpg\" \/><br \/>\n1994<\/a><\/td>\n<td>Smuggelbr\u00f6der<\/td>\n<td>Gerhard Bode<\/td>\n<td class=\"prog\"><\/td>\n<\/tr>\n<tr class=\"marked\">\n<td class=\"zeit\"><a href=\"http:\/\/ueben.theatergruppe-horneburg.de\/billers\/wppaspec\/oc1\/lnde\/cv0\/ab8\"><br \/>\n<img decoding=\"async\" src=\"http:\/\/ueben.theatergruppe-horneburg.de\/wp-content\/uploads\/wppa\/thumbs\/43.jpg\" \/><br \/>\n1993<\/a><\/td>\n<td>Grootreinmoken<\/td>\n<td>Fritz V\u00f6lkner<\/td>\n<td class=\"prog\"><\/td>\n<\/tr>\n<tr>\n<td class=\"zeit\"><a href=\"http:\/\/ueben.theatergruppe-horneburg.de\/billers\/wppaspec\/oc1\/lnde\/cv0\/ab7\"><br \/>\n<img decoding=\"async\" src=\"http:\/\/ueben.theatergruppe-horneburg.de\/wp-content\/uploads\/wppa\/thumbs\/34.jpg\" \/><br \/>\n1992<\/a><\/td>\n<td>Millionen in`t Heu<\/td>\n<td>Hans Gnant<\/td>\n<td class=\"prog\"><\/td>\n<\/tr>\n<tr class=\"marked\">\n<td class=\"zeit\"><a href=\"http:\/\/ueben.theatergruppe-horneburg.de\/billers\/wppaspec\/oc1\/lnde\/cv0\/ab6\"><br \/>\n<img decoding=\"async\" src=\"http:\/\/ueben.theatergruppe-horneburg.de\/wp-content\/uploads\/wppa\/thumbs\/27.jpg\" \/><br \/>\n1991<\/a><\/td>\n<td>Petrus gifft Urlaub<\/td>\n<td>Fritz Wempner<\/td>\n<td class=\"prog\"><\/td>\n<\/tr>\n<tr>\n<td class=\"zeit\"><a href=\"http:\/\/ueben.theatergruppe-horneburg.de\/billers\/wppaspec\/oc1\/lnde\/cv0\/ab5\"><br \/>\n<img decoding=\"async\" src=\"http:\/\/ueben.theatergruppe-horneburg.de\/wp-content\/uploads\/wppa\/thumbs\/21.jpg\" \/><br \/>\n1990<\/a><\/td>\n<td>De Reis no Helgoland<\/td>\n<td>Fritz W. Schilling<\/td>\n<td class=\"prog\"><\/td>\n<\/tr>\n<tr class=\"marked\">\n<td class=\"zeit\"><a href=\"http:\/\/ueben.theatergruppe-horneburg.de\/billers\/wppaspec\/oc1\/lnde\/cv0\/ab4\"><br \/>\n<img decoding=\"async\" src=\"http:\/\/ueben.theatergruppe-horneburg.de\/wp-content\/uploads\/wppa\/thumbs\/10.jpg\" \/><br \/>\n1989<\/a><\/td>\n<td>Roland schall flegen<\/td>\n<td>Hans Gnant<\/td>\n<td class=\"prog\"><\/td>\n<\/tr>\n<tr>\n<td class=\"zeit\"><a href=\"http:\/\/ueben.theatergruppe-horneburg.de\/billers\/wppaspec\/oc1\/lnde\/cv0\/ab3\"><br \/>\n<img decoding=\"async\" src=\"http:\/\/ueben.theatergruppe-horneburg.de\/wp-content\/uploads\/wppa\/thumbs\/4.jpg\" \/><br \/>\n1988 <\/a><\/td>\n<td>De vergr\u00f6gte Tankstell<\/td>\n<td>Fritz Wempner<\/td>\n<td class=\"prog\"><\/td>\n<\/tr>\n<tr class=\"marked\">\n<td class=\"zeit\"><a href=\"http:\/\/ueben.theatergruppe-horneburg.de\/billers\/wppaspec\/oc1\/lnde\/cv0\/ab2\"><br \/>\n<img decoding=\"async\" src=\"http:\/\/ueben.theatergruppe-horneburg.de\/wp-content\/uploads\/wppa\/thumbs\/2.jpg\" \/><br \/>\n1987<\/a><\/td>\n<td>Mudder kriggt Zwangsurlaub<\/td>\n<td>Ubbo Gerdes<\/td>\n<td class=\"prog\"><\/td>\n<\/tr>\n<\/tbody>\n<\/table>\n","protected":false},"excerpt":{"rendered":"<p>Titel Programm 2024 De veer hilligen dree K\u00f6niginnen Stefanie Stroebele 2023 Dat Leven is en Lotterie Stefanie Stroebele 2022 Willige Huusfru hett v\u00f6rmiddags noch Tied Sabine Sch\u00fcffelchen 2020 De 75. Geburtsdag Walter G. Pfaus 2019 Keen Mord ut Versehen Jennifer H\u00fclsen 2018 Sp\u00f6kelkraam in&#8217;t Raathus Hans Schimmel 2017 Laat de Sau rut Andreas Wening 2016 [&hellip;]<\/p>\n","protected":false},"author":6,"featured_media":0,"parent":0,"menu_order":0,"comment_status":"closed","ping_status":"closed","template":"","meta":{"_lmt_disableupdate":"no","_lmt_disable":"","footnotes":""},"class_list":["post-90","page","type-page","status-publish","hentry"],"blocksy_meta":[],"translation":{"provider":"WPGlobus","version":"3.0.0","language":"hd","enabled_languages":["pd","hd"],"languages":{"pd":{"title":true,"content":true,"excerpt":false},"hd":{"title":true,"content":false,"excerpt":false}}},"_links":{"self":[{"href":"http:\/\/ueben.theatergruppe-horneburg.de\/hd\/wp-json\/wp\/v2\/pages\/90"}],"collection":[{"href":"http:\/\/ueben.theatergruppe-horneburg.de\/hd\/wp-json\/wp\/v2\/pages"}],"about":[{"href":"http:\/\/ueben.theatergruppe-horneburg.de\/hd\/wp-json\/wp\/v2\/types\/page"}],"author":[{"embeddable":true,"href":"http:\/\/ueben.theatergruppe-horneburg.de\/hd\/wp-json\/wp\/v2\/users\/6"}],"replies":[{"embeddable":true,"href":"http:\/\/ueben.theatergruppe-horneburg.de\/hd\/wp-json\/wp\/v2\/comments?post=90"}],"version-history":[{"count":3,"href":"http:\/\/ueben.theatergruppe-horneburg.de\/hd\/wp-json\/wp\/v2\/pages\/90\/revisions"}],"predecessor-version":[{"id":1023,"href":"http:\/\/ueben.theatergruppe-horneburg.de\/hd\/wp-json\/wp\/v2\/pages\/90\/revisions\/1023"}],"wp:attachment":[{"href":"http:\/\/ueben.theatergruppe-horneburg.de\/hd\/wp-json\/wp\/v2\/media?parent=90"}],"curies":[{"name":"wp","href":"https:\/\/api.w.org\/{rel}","templated":true}]}}